{"id":446,"date":"2024-02-11T13:33:33","date_gmt":"2024-02-11T13:33:33","guid":{"rendered":"https:\/\/lionamimarlik.com.tr\/en\/?page_id=446"},"modified":"2024-03-15T11:04:01","modified_gmt":"2024-03-15T11:04:01","slug":"press","status":"publish","type":"page","link":"https:\/\/lionamimarlik.com.tr\/en\/press\/","title":{"rendered":"Press"},"content":{"rendered":"<section class=\"l-section wpb_row height_medium\"><div class=\"l-section-h i-cf\"><div class=\"g-cols vc_row via_grid cols_1 laptops-cols_inherit tablets-cols_inherit mobiles-cols_1 valign_top type_default stacking_default\"><div class=\"wpb_column vc_column_container\"><div class=\"vc_column-inner\"><h2 class=\"w-post-elm post_title align_center entry-title color_link_inherit\">Press<\/h2><\/div><\/div><\/div><\/div><\/section><section class=\"l-section wpb_row height_medium\"><div class=\"l-section-h i-cf\"><div class=\"g-cols vc_row via_grid cols_1 laptops-cols_inherit tablets-cols_inherit mobiles-cols_1 valign_top type_default stacking_default\"><div class=\"wpb_column vc_column_container\"><div class=\"vc_column-inner\"><div class=\"w-grid type_grid layout_449 cols_3 overflow_hidden\" id=\"us_grid_1\" style=\"--gap:1.5rem;\" data-filterable=\"true\"><style>@media (max-width:1024px){#us_grid_1 .w-grid-item{width:50%}}@media (max-width:600px){#us_grid_1 .w-grid-list{margin:0}#us_grid_1 .w-grid-item{width:100%;padding:0;margin-bottom:var(--gap,0px)}}.layout_449 .w-grid-item-h{background:var(--color-content-bg);color:var(--color-content-text);border-radius:0.3rem;box-shadow:0 0.03rem 0.06rem rgba(0,0,0,0.1),0 0.1rem 0.3rem rgba(0,0,0,0.1);transition-duration:0.3s}.no-touch .layout_449 .w-grid-item-h:hover{box-shadow:0 0.1rem 0.2rem rgba(0,0,0,0.1),0 0.33rem 1rem rgba(0,0,0,0.15);z-index:4}.layout_449 .usg_post_image_1{margin-bottom:-2rem!important}.layout_449 .usg_post_title_1{font-size:1.4rem!important;font-weight:700!important}.layout_449 .usg_vwrapper_1{margin-top:2rem!important;padding:9% 11% 11% 11%!important}.layout_449 .usg_post_taxonomy_1{font-weight:700!important;text-transform:uppercase!important;font-size:10px!important;position:absolute!important;z-index:2!important;top:1.2rem!important;right:1.2rem!important;left:1.2rem!important}@media (max-width:600px){.layout_449 .usg_post_title_1{font-size:1.2rem!important}}<\/style><div class=\"w-grid-list\">\t<article class=\"w-grid-item size_1x1 post-941 post type-post status-publish format-standard has-post-thumbnail hentry category-press\" data-id=\"941\">\r\n\t\t<div class=\"w-grid-item-h\">\r\n\t\t\t\t\t\t\t<a href=\"https:\/\/lionamimarlik.com.tr\/en\/ic-mimarlik-magazin-dergisi-almanak-2025-2026-3-sayisi\/\" class=\"w-grid-item-anchor\" aria-label=\"\u0130\u00e7 Mimarl\u0131k Magazin Dergisi &#8211; Almanak | 2025-2026 3. Say\u0131s\u0131\"><\/a>\r\n\t\t\t\t\t\t<div class=\"w-post-elm post_image usg_post_image_1 stretched\"><a href=\"https:\/\/lionamimarlik.com.tr\/en\/ic-mimarlik-magazin-dergisi-almanak-2025-2026-3-sayisi\/\" aria-label=\"\u0130\u00e7 Mimarl\u0131k Magazin Dergisi &#8211; Almanak | 2025-2026 3. Say\u0131s\u0131\"><img loading=\"lazy\" decoding=\"async\" width=\"802\" height=\"1024\" src=\"https:\/\/lionamimarlik.com.tr\/en\/wp-content\/uploads\/2026\/03\/ALMANAK-3-1_page-0001-802x1024.jpg\" class=\"attachment-large size-large wp-post-image\" alt=\"\" srcset=\"https:\/\/lionamimarlik.com.tr\/en\/wp-content\/uploads\/2026\/03\/ALMANAK-3-1_page-0001-802x1024.jpg 802w, https:\/\/lionamimarlik.com.tr\/en\/wp-content\/uploads\/2026\/03\/ALMANAK-3-1_page-0001-235x300.jpg 235w, https:\/\/lionamimarlik.com.tr\/en\/wp-content\/uploads\/2026\/03\/ALMANAK-3-1_page-0001.jpg 1388w\" sizes=\"auto, (max-width: 802px) 100vw, 802px\" \/><\/a><\/div><div class=\"w-post-elm post_taxonomy usg_post_taxonomy_1 style_badge color_link_inherit\"><a class=\"w-btn us-btn-style_badge term-13 term-press\" href=\"https:\/\/lionamimarlik.com.tr\/en\/category\/press\/\"><span class=\"w-btn-label\">PRESS<\/span><\/a><\/div><div class=\"w-vwrapper usg_vwrapper_1 align_none valign_top\"><h2 class=\"w-post-elm post_title usg_post_title_1 entry-title color_link_inherit\"><a href=\"https:\/\/lionamimarlik.com.tr\/en\/ic-mimarlik-magazin-dergisi-almanak-2025-2026-3-sayisi\/\">\u0130\u00e7 Mimarl\u0131k Magazin Dergisi &#8211; Almanak | 2025-2026 3. Say\u0131s\u0131<\/a><\/h2><div class=\"w-post-elm post_content usg_post_content_1\">&nbsp;<\/div><a class=\"w-btn us-btn-style_1 usg_btn_1\" href=\"#\"><span class=\"w-btn-label\">READ<\/span><\/a><\/div>\t\t<\/div>\r\n\t\t\t<\/article>\r\n\t<article class=\"w-grid-item size_1x1 post-875 post type-post status-publish format-standard has-post-thumbnail hentry category-press\" data-id=\"875\">\r\n\t\t<div class=\"w-grid-item-h\">\r\n\t\t\t\t\t\t\t<a href=\"https:\/\/lionamimarlik.com.tr\/en\/ic-mimarlik-magazin-dergisi-almanak-2024-2-sayisi\/\" class=\"w-grid-item-anchor\" aria-label=\"\u0130\u00e7 Mimarl\u0131k Magazin Dergisi &#8211; Almanak | 2024 2. Say\u0131s\u0131\"><\/a>\r\n\t\t\t\t\t\t<div class=\"w-post-elm post_image usg_post_image_1 stretched\"><a href=\"https:\/\/lionamimarlik.com.tr\/en\/ic-mimarlik-magazin-dergisi-almanak-2024-2-sayisi\/\" aria-label=\"\u0130\u00e7 Mimarl\u0131k Magazin Dergisi &#8211; Almanak | 2024 2. Say\u0131s\u0131\"><img loading=\"lazy\" decoding=\"async\" width=\"734\" height=\"1024\" src=\"https:\/\/lionamimarlik.com.tr\/en\/wp-content\/uploads\/2025\/05\/mimarlik-734x1024-1.png\" class=\"attachment-large size-large wp-post-image\" alt=\"\" srcset=\"https:\/\/lionamimarlik.com.tr\/en\/wp-content\/uploads\/2025\/05\/mimarlik-734x1024-1.png 734w, https:\/\/lionamimarlik.com.tr\/en\/wp-content\/uploads\/2025\/05\/mimarlik-734x1024-1-215x300.png 215w\" sizes=\"auto, (max-width: 734px) 100vw, 734px\" \/><\/a><\/div><div class=\"w-post-elm post_taxonomy usg_post_taxonomy_1 style_badge color_link_inherit\"><a class=\"w-btn us-btn-style_badge term-13 term-press\" href=\"https:\/\/lionamimarlik.com.tr\/en\/category\/press\/\"><span class=\"w-btn-label\">PRESS<\/span><\/a><\/div><div class=\"w-vwrapper usg_vwrapper_1 align_none valign_top\"><h2 class=\"w-post-elm post_title usg_post_title_1 entry-title color_link_inherit\"><a href=\"https:\/\/lionamimarlik.com.tr\/en\/ic-mimarlik-magazin-dergisi-almanak-2024-2-sayisi\/\">\u0130\u00e7 Mimarl\u0131k Magazin Dergisi &#8211; Almanak | 2024 2. Say\u0131s\u0131<\/a><\/h2><div class=\"w-post-elm post_content usg_post_content_1\">&nbsp;<\/div><a class=\"w-btn us-btn-style_1 usg_btn_1\" href=\"#\"><span class=\"w-btn-label\">READ<\/span><\/a><\/div>\t\t<\/div>\r\n\t\t\t<\/article>\r\n\t<article class=\"w-grid-item size_1x1 post-870 post type-post status-publish format-standard has-post-thumbnail hentry category-press\" data-id=\"870\">\r\n\t\t<div class=\"w-grid-item-h\">\r\n\t\t\t\t\t\t\t<a href=\"https:\/\/lionamimarlik.com.tr\/en\/sofra-dergisi-subat-2025\/\" class=\"w-grid-item-anchor\" aria-label=\"Sofra Dergisi &#8211; \u015eubat 2025\"><\/a>\r\n\t\t\t\t\t\t<div class=\"w-post-elm post_image usg_post_image_1 stretched\"><a href=\"https:\/\/lionamimarlik.com.tr\/en\/sofra-dergisi-subat-2025\/\" aria-label=\"Sofra Dergisi &#8211; \u015eubat 2025\"><img loading=\"lazy\" decoding=\"async\" width=\"758\" height=\"1024\" src=\"https:\/\/lionamimarlik.com.tr\/en\/wp-content\/uploads\/2025\/05\/SOFRA_SUBAT_25_KAPAK-758x1024.jpg\" class=\"attachment-large size-large wp-post-image\" alt=\"\" srcset=\"https:\/\/lionamimarlik.com.tr\/en\/wp-content\/uploads\/2025\/05\/SOFRA_SUBAT_25_KAPAK-758x1024.jpg 758w, https:\/\/lionamimarlik.com.tr\/en\/wp-content\/uploads\/2025\/05\/SOFRA_SUBAT_25_KAPAK-222x300.jpg 222w, https:\/\/lionamimarlik.com.tr\/en\/wp-content\/uploads\/2025\/05\/SOFRA_SUBAT_25_KAPAK.jpg 878w\" sizes=\"auto, (max-width: 758px) 100vw, 758px\" \/><\/a><\/div><div class=\"w-post-elm post_taxonomy usg_post_taxonomy_1 style_badge color_link_inherit\"><a class=\"w-btn us-btn-style_badge term-13 term-press\" href=\"https:\/\/lionamimarlik.com.tr\/en\/category\/press\/\"><span class=\"w-btn-label\">PRESS<\/span><\/a><\/div><div class=\"w-vwrapper usg_vwrapper_1 align_none valign_top\"><h2 class=\"w-post-elm post_title usg_post_title_1 entry-title color_link_inherit\"><a href=\"https:\/\/lionamimarlik.com.tr\/en\/sofra-dergisi-subat-2025\/\">Sofra Dergisi &#8211; \u015eubat 2025<\/a><\/h2><div class=\"w-post-elm post_content usg_post_content_1\">Sofralara Romantizm Katan Detaylar<\/div><a class=\"w-btn us-btn-style_1 usg_btn_1\" href=\"#\"><span class=\"w-btn-label\">READ<\/span><\/a><\/div>\t\t<\/div>\r\n\t\t\t<\/article>\r\n\t<article class=\"w-grid-item size_1x1 custom-link post-862 post type-post status-publish format-standard has-post-thumbnail hentry category-press\" data-id=\"862\">\r\n\t\t<div class=\"w-grid-item-h\">\r\n\t\t\t\t\t\t\t<a href=\"https:\/\/www.ekoyapidergisi.org\/surdurulebilirlik-projelerimizin-ayrilmaz-bir-parcasi?fbclid=PAZXh0bgNhZW0CMTEAAaZVOZ84C30vH0YP54aZBic1_VUuEAIp0g6ESFEiyX31gj1edJmVkeRusuI_aem_XlJXgFv6WvQN_-cTklxhRQ\" class=\"w-grid-item-anchor\" aria-label=\"EkoYap\u0131 &#8211; Ocak 2025\"><\/a>\r\n\t\t\t\t\t\t<div class=\"w-post-elm post_image usg_post_image_1 stretched\"><a href=\"https:\/\/lionamimarlik.com.tr\/en\/ekoyapi-ocak-2025\/\" aria-label=\"EkoYap\u0131 &#8211; Ocak 2025\"><img loading=\"lazy\" decoding=\"async\" width=\"890\" height=\"846\" src=\"https:\/\/lionamimarlik.com.tr\/en\/wp-content\/uploads\/2025\/01\/ekoyapi.jpg\" class=\"attachment-large size-large wp-post-image\" alt=\"\" srcset=\"https:\/\/lionamimarlik.com.tr\/en\/wp-content\/uploads\/2025\/01\/ekoyapi.jpg 890w, https:\/\/lionamimarlik.com.tr\/en\/wp-content\/uploads\/2025\/01\/ekoyapi-300x285.jpg 300w\" sizes=\"auto, (max-width: 890px) 100vw, 890px\" \/><\/a><\/div><div class=\"w-post-elm post_taxonomy usg_post_taxonomy_1 style_badge color_link_inherit\"><a class=\"w-btn us-btn-style_badge term-13 term-press\" href=\"https:\/\/lionamimarlik.com.tr\/en\/category\/press\/\"><span class=\"w-btn-label\">PRESS<\/span><\/a><\/div><div class=\"w-vwrapper usg_vwrapper_1 align_none valign_top\"><h2 class=\"w-post-elm post_title usg_post_title_1 entry-title color_link_inherit\"><a href=\"https:\/\/lionamimarlik.com.tr\/en\/ekoyapi-ocak-2025\/\">EkoYap\u0131 &#8211; Ocak 2025<\/a><\/h2><div class=\"w-post-elm post_content usg_post_content_1\">S\u00fcrd\u00fcr\u00fclebilirlik Projelerimizin Ayr\u0131lmaz Bir Par\u00e7as\u0131 &nbsp; &nbsp;<\/div><a class=\"w-btn us-btn-style_1 usg_btn_1\" href=\"#\"><span class=\"w-btn-label\">READ<\/span><\/a><\/div>\t\t<\/div>\r\n\t\t\t<\/article>\r\n\t<article class=\"w-grid-item size_1x1 post-851 post type-post status-publish format-standard has-post-thumbnail hentry category-press\" data-id=\"851\">\r\n\t\t<div class=\"w-grid-item-h\">\r\n\t\t\t\t\t\t\t<a href=\"https:\/\/lionamimarlik.com.tr\/en\/alldecor-dergisi-sonbahar-2024\/\" class=\"w-grid-item-anchor\" aria-label=\"ALLDECOR Dergisi &#8211; Sonbahar 2024\"><\/a>\r\n\t\t\t\t\t\t<div class=\"w-post-elm post_image usg_post_image_1 stretched\"><a href=\"https:\/\/lionamimarlik.com.tr\/en\/alldecor-dergisi-sonbahar-2024\/\" aria-label=\"ALLDECOR Dergisi &#8211; Sonbahar 2024\"><img loading=\"lazy\" decoding=\"async\" width=\"787\" height=\"1024\" src=\"https:\/\/lionamimarlik.com.tr\/en\/wp-content\/uploads\/2025\/01\/WhatsApp-Gorsel-2024-10-12-saat-12.09.53_3a2fce31-787x1024.jpg\" class=\"attachment-large size-large wp-post-image\" alt=\"\" srcset=\"https:\/\/lionamimarlik.com.tr\/en\/wp-content\/uploads\/2025\/01\/WhatsApp-Gorsel-2024-10-12-saat-12.09.53_3a2fce31-787x1024.jpg 787w, https:\/\/lionamimarlik.com.tr\/en\/wp-content\/uploads\/2025\/01\/WhatsApp-Gorsel-2024-10-12-saat-12.09.53_3a2fce31-230x300.jpg 230w, https:\/\/lionamimarlik.com.tr\/en\/wp-content\/uploads\/2025\/01\/WhatsApp-Gorsel-2024-10-12-saat-12.09.53_3a2fce31.jpg 944w\" sizes=\"auto, (max-width: 787px) 100vw, 787px\" \/><\/a><\/div><div class=\"w-post-elm post_taxonomy usg_post_taxonomy_1 style_badge color_link_inherit\"><a class=\"w-btn us-btn-style_badge term-13 term-press\" href=\"https:\/\/lionamimarlik.com.tr\/en\/category\/press\/\"><span class=\"w-btn-label\">PRESS<\/span><\/a><\/div><div class=\"w-vwrapper usg_vwrapper_1 align_none valign_top\"><h2 class=\"w-post-elm post_title usg_post_title_1 entry-title color_link_inherit\"><a href=\"https:\/\/lionamimarlik.com.tr\/en\/alldecor-dergisi-sonbahar-2024\/\">ALLDECOR Dergisi &#8211; Sonbahar 2024<\/a><\/h2><div class=\"w-post-elm post_content usg_post_content_1\">Fonksiyonel, dingin ve samimi &nbsp;<\/div><a class=\"w-btn us-btn-style_1 usg_btn_1\" href=\"#\"><span class=\"w-btn-label\">READ<\/span><\/a><\/div>\t\t<\/div>\r\n\t\t\t<\/article>\r\n\t<article class=\"w-grid-item size_1x1 post-847 post type-post status-publish format-standard has-post-thumbnail hentry category-press\" data-id=\"847\">\r\n\t\t<div class=\"w-grid-item-h\">\r\n\t\t\t\t\t\t\t<a href=\"https:\/\/lionamimarlik.com.tr\/en\/sofra-dergisi-temmuz-agustos-sayisi-2024\/\" class=\"w-grid-item-anchor\" aria-label=\"Sofra Dergisi &#8211; Temmuz A\u011fustos Say\u0131s\u0131 2024\"><\/a>\r\n\t\t\t\t\t\t<div class=\"w-post-elm post_image usg_post_image_1 stretched\"><a href=\"https:\/\/lionamimarlik.com.tr\/en\/sofra-dergisi-temmuz-agustos-sayisi-2024\/\" aria-label=\"Sofra Dergisi &#8211; Temmuz A\u011fustos Say\u0131s\u0131 2024\"><img loading=\"lazy\" decoding=\"async\" width=\"725\" height=\"1024\" src=\"https:\/\/lionamimarlik.com.tr\/en\/wp-content\/uploads\/2025\/01\/SOFRA_TEMMUZ_24-725x1024.jpg\" class=\"attachment-large size-large wp-post-image\" alt=\"\" srcset=\"https:\/\/lionamimarlik.com.tr\/en\/wp-content\/uploads\/2025\/01\/SOFRA_TEMMUZ_24-725x1024.jpg 725w, https:\/\/lionamimarlik.com.tr\/en\/wp-content\/uploads\/2025\/01\/SOFRA_TEMMUZ_24-212x300.jpg 212w, https:\/\/lionamimarlik.com.tr\/en\/wp-content\/uploads\/2025\/01\/SOFRA_TEMMUZ_24.jpg 840w\" sizes=\"auto, (max-width: 725px) 100vw, 725px\" \/><\/a><\/div><div class=\"w-post-elm post_taxonomy usg_post_taxonomy_1 style_badge color_link_inherit\"><a class=\"w-btn us-btn-style_badge term-13 term-press\" href=\"https:\/\/lionamimarlik.com.tr\/en\/category\/press\/\"><span class=\"w-btn-label\">PRESS<\/span><\/a><\/div><div class=\"w-vwrapper usg_vwrapper_1 align_none valign_top\"><h2 class=\"w-post-elm post_title usg_post_title_1 entry-title color_link_inherit\"><a href=\"https:\/\/lionamimarlik.com.tr\/en\/sofra-dergisi-temmuz-agustos-sayisi-2024\/\">Sofra Dergisi &#8211; Temmuz A\u011fustos Say\u0131s\u0131 2024<\/a><\/h2><div class=\"w-post-elm post_content usg_post_content_1\">Yazl\u0131k Ev Mutfaklar\u0131<\/div><a class=\"w-btn us-btn-style_1 usg_btn_1\" href=\"#\"><span class=\"w-btn-label\">READ<\/span><\/a><\/div>\t\t<\/div>\r\n\t\t\t<\/article>\r\n\t<article class=\"w-grid-item size_1x1 custom-link post-880 post type-post status-publish format-standard has-post-thumbnail hentry category-press\" data-id=\"880\">\r\n\t\t<div class=\"w-grid-item-h\">\r\n\t\t\t\t\t\t\t<a href=\"https:\/\/www.listennotes.com\/podcasts\/end\u00fcstri-radyo\/zuhal-aslan-merve-kaya-ile-3Vy4cruhLRB\/?srsltid=AfmBOopQBXz2xfmO1fe30Z6TIoAyAasqTuCbPQnIxekKL23G6Udhl4qn#episode\" class=\"w-grid-item-anchor\" aria-label=\"ST End\u00fcstri Radyo Tv &#8211; Temmuz 2024\"><\/a>\r\n\t\t\t\t\t\t<div class=\"w-post-elm post_image usg_post_image_1 stretched\"><a href=\"https:\/\/lionamimarlik.com.tr\/en\/st-endustri-radyo-tv-temmuz-2024\/\" aria-label=\"ST End\u00fcstri Radyo Tv &#8211; Temmuz 2024\"><img loading=\"lazy\" decoding=\"async\" width=\"1024\" height=\"1024\" src=\"https:\/\/lionamimarlik.com.tr\/en\/wp-content\/uploads\/2025\/05\/zuhal-aslan-merve-kaya-ile-MSj72Es4eOD-3Vy4cruhLRB.1400x1400-1024x1024.jpg\" class=\"attachment-large size-large wp-post-image\" alt=\"\" srcset=\"https:\/\/lionamimarlik.com.tr\/en\/wp-content\/uploads\/2025\/05\/zuhal-aslan-merve-kaya-ile-MSj72Es4eOD-3Vy4cruhLRB.1400x1400-1024x1024.jpg 1024w, https:\/\/lionamimarlik.com.tr\/en\/wp-content\/uploads\/2025\/05\/zuhal-aslan-merve-kaya-ile-MSj72Es4eOD-3Vy4cruhLRB.1400x1400-300x300.jpg 300w, https:\/\/lionamimarlik.com.tr\/en\/wp-content\/uploads\/2025\/05\/zuhal-aslan-merve-kaya-ile-MSj72Es4eOD-3Vy4cruhLRB.1400x1400-150x150.jpg 150w, https:\/\/lionamimarlik.com.tr\/en\/wp-content\/uploads\/2025\/05\/zuhal-aslan-merve-kaya-ile-MSj72Es4eOD-3Vy4cruhLRB.1400x1400.jpg 1400w\" sizes=\"auto, (max-width: 1024px) 100vw, 1024px\" \/><\/a><\/div><div class=\"w-post-elm post_taxonomy usg_post_taxonomy_1 style_badge color_link_inherit\"><a class=\"w-btn us-btn-style_badge term-13 term-press\" href=\"https:\/\/lionamimarlik.com.tr\/en\/category\/press\/\"><span class=\"w-btn-label\">PRESS<\/span><\/a><\/div><div class=\"w-vwrapper usg_vwrapper_1 align_none valign_top\"><h2 class=\"w-post-elm post_title usg_post_title_1 entry-title color_link_inherit\"><a href=\"https:\/\/lionamimarlik.com.tr\/en\/st-endustri-radyo-tv-temmuz-2024\/\">ST End\u00fcstri Radyo Tv &#8211; Temmuz 2024<\/a><\/h2><div class=\"w-post-elm post_content usg_post_content_1\">Zuhal Aslan &#8211; Merve Kaya ile Depreme Dayan\u0131kl\u0131 Binalar &nbsp;<\/div><a class=\"w-btn us-btn-style_1 usg_btn_1\" href=\"#\"><span class=\"w-btn-label\">READ<\/span><\/a><\/div>\t\t<\/div>\r\n\t\t\t<\/article>\r\n\t<article class=\"w-grid-item size_1x1 post-841 post type-post status-publish format-standard has-post-thumbnail hentry category-press\" data-id=\"841\">\r\n\t\t<div class=\"w-grid-item-h\">\r\n\t\t\t\t\t\t\t<a href=\"https:\/\/lionamimarlik.com.tr\/en\/st-insaat-yapi-ve-malzeme-dergisi-mayis-sayisi-2024\/\" class=\"w-grid-item-anchor\" aria-label=\"ST \u0130n\u015faat Yap\u0131 ve Malzeme Dergisi &#8211; May\u0131s Say\u0131s\u0131 2024\"><\/a>\r\n\t\t\t\t\t\t<div class=\"w-post-elm post_image usg_post_image_1 stretched\"><a href=\"https:\/\/lionamimarlik.com.tr\/en\/st-insaat-yapi-ve-malzeme-dergisi-mayis-sayisi-2024\/\" aria-label=\"ST \u0130n\u015faat Yap\u0131 ve Malzeme Dergisi &#8211; May\u0131s Say\u0131s\u0131 2024\"><img loading=\"lazy\" decoding=\"async\" width=\"784\" height=\"1024\" src=\"https:\/\/lionamimarlik.com.tr\/en\/wp-content\/uploads\/2025\/01\/st-insaat-malzeme-2024-mayis3_page-0001-784x1024.jpg\" class=\"attachment-large size-large wp-post-image\" alt=\"\" srcset=\"https:\/\/lionamimarlik.com.tr\/en\/wp-content\/uploads\/2025\/01\/st-insaat-malzeme-2024-mayis3_page-0001-784x1024.jpg 784w, https:\/\/lionamimarlik.com.tr\/en\/wp-content\/uploads\/2025\/01\/st-insaat-malzeme-2024-mayis3_page-0001-230x300.jpg 230w, https:\/\/lionamimarlik.com.tr\/en\/wp-content\/uploads\/2025\/01\/st-insaat-malzeme-2024-mayis3_page-0001.jpg 1064w\" sizes=\"auto, (max-width: 784px) 100vw, 784px\" \/><\/a><\/div><div class=\"w-post-elm post_taxonomy usg_post_taxonomy_1 style_badge color_link_inherit\"><a class=\"w-btn us-btn-style_badge term-13 term-press\" href=\"https:\/\/lionamimarlik.com.tr\/en\/category\/press\/\"><span class=\"w-btn-label\">PRESS<\/span><\/a><\/div><div class=\"w-vwrapper usg_vwrapper_1 align_none valign_top\"><h2 class=\"w-post-elm post_title usg_post_title_1 entry-title color_link_inherit\"><a href=\"https:\/\/lionamimarlik.com.tr\/en\/st-insaat-yapi-ve-malzeme-dergisi-mayis-sayisi-2024\/\">ST \u0130n\u015faat Yap\u0131 ve Malzeme Dergisi &#8211; May\u0131s Say\u0131s\u0131 2024<\/a><\/h2><div class=\"w-post-elm post_content usg_post_content_1\">Ofis tasar\u0131m\u0131nda esnek mekan kullan\u0131m\u0131 \u00f6ne \u00e7\u0131k\u0131yor &nbsp;<\/div><a class=\"w-btn us-btn-style_1 usg_btn_1\" href=\"#\"><span class=\"w-btn-label\">READ<\/span><\/a><\/div>\t\t<\/div>\r\n\t\t\t<\/article>\r\n\t<article class=\"w-grid-item size_1x1 custom-link post-837 post type-post status-publish format-standard has-post-thumbnail hentry category-press\" data-id=\"837\">\r\n\t\t<div class=\"w-grid-item-h\">\r\n\t\t\t\t\t\t\t<a href=\"https:\/\/www.mimarizm.com\/haberler\/gorus\/mimar-zuhal-aslan-dan-saglik-yapilari-ic-mekan-projeleri-uzerine_136547\" class=\"w-grid-item-anchor\" aria-label=\"Mimarizm &#8211; Ocak 2024\"><\/a>\r\n\t\t\t\t\t\t<div class=\"w-post-elm post_image usg_post_image_1 stretched\"><a href=\"https:\/\/lionamimarlik.com.tr\/en\/mimarizm-ocak-2024\/\" aria-label=\"Mimarizm &#8211; Ocak 2024\"><img loading=\"lazy\" decoding=\"async\" width=\"646\" height=\"628\" src=\"https:\/\/lionamimarlik.com.tr\/en\/wp-content\/uploads\/2025\/01\/1.jpg\" class=\"attachment-large size-large wp-post-image\" alt=\"\" srcset=\"https:\/\/lionamimarlik.com.tr\/en\/wp-content\/uploads\/2025\/01\/1.jpg 646w, https:\/\/lionamimarlik.com.tr\/en\/wp-content\/uploads\/2025\/01\/1-300x292.jpg 300w\" sizes=\"auto, (max-width: 646px) 100vw, 646px\" \/><\/a><\/div><div class=\"w-post-elm post_taxonomy usg_post_taxonomy_1 style_badge color_link_inherit\"><a class=\"w-btn us-btn-style_badge term-13 term-press\" href=\"https:\/\/lionamimarlik.com.tr\/en\/category\/press\/\"><span class=\"w-btn-label\">PRESS<\/span><\/a><\/div><div class=\"w-vwrapper usg_vwrapper_1 align_none valign_top\"><h2 class=\"w-post-elm post_title usg_post_title_1 entry-title color_link_inherit\"><a href=\"https:\/\/lionamimarlik.com.tr\/en\/mimarizm-ocak-2024\/\">Mimarizm &#8211; Ocak 2024<\/a><\/h2><div class=\"w-post-elm post_content usg_post_content_1\">Mimar Zuhal Aslan&#8217;dan Sa\u011fl\u0131k Yap\u0131lar\u0131 \u0130\u00e7 Mekan Projeleri \u00dczerine &nbsp;<\/div><a class=\"w-btn us-btn-style_1 usg_btn_1\" href=\"#\"><span class=\"w-btn-label\">READ<\/span><\/a><\/div>\t\t<\/div>\r\n\t\t\t<\/article>\r\n\t<article class=\"w-grid-item size_1x1 post-826 post type-post status-publish format-standard has-post-thumbnail hentry category-press\" data-id=\"826\">\r\n\t\t<div class=\"w-grid-item-h\">\r\n\t\t\t\t\t\t\t<a href=\"https:\/\/lionamimarlik.com.tr\/en\/home-art-ocak-sayisi-2024\/\" class=\"w-grid-item-anchor\" aria-label=\"Home Art &#8211; Ocak Say\u0131s\u0131 2024\"><\/a>\r\n\t\t\t\t\t\t<div class=\"w-post-elm post_image usg_post_image_1 stretched\"><a href=\"https:\/\/lionamimarlik.com.tr\/en\/home-art-ocak-sayisi-2024\/\" aria-label=\"Home Art &#8211; Ocak Say\u0131s\u0131 2024\"><img loading=\"lazy\" decoding=\"async\" width=\"755\" height=\"1024\" src=\"https:\/\/lionamimarlik.com.tr\/en\/wp-content\/uploads\/2025\/01\/WhatsApp-Image-2024-01-11-at-11.05.22-755x1024.jpeg\" class=\"attachment-large size-large wp-post-image\" alt=\"\" srcset=\"https:\/\/lionamimarlik.com.tr\/en\/wp-content\/uploads\/2025\/01\/WhatsApp-Image-2024-01-11-at-11.05.22-755x1024.jpeg 755w, https:\/\/lionamimarlik.com.tr\/en\/wp-content\/uploads\/2025\/01\/WhatsApp-Image-2024-01-11-at-11.05.22-221x300.jpeg 221w, https:\/\/lionamimarlik.com.tr\/en\/wp-content\/uploads\/2025\/01\/WhatsApp-Image-2024-01-11-at-11.05.22.jpeg 1062w\" sizes=\"auto, (max-width: 755px) 100vw, 755px\" \/><\/a><\/div><div class=\"w-post-elm post_taxonomy usg_post_taxonomy_1 style_badge color_link_inherit\"><a class=\"w-btn us-btn-style_badge term-13 term-press\" href=\"https:\/\/lionamimarlik.com.tr\/en\/category\/press\/\"><span class=\"w-btn-label\">PRESS<\/span><\/a><\/div><div class=\"w-vwrapper usg_vwrapper_1 align_none valign_top\"><h2 class=\"w-post-elm post_title usg_post_title_1 entry-title color_link_inherit\"><a href=\"https:\/\/lionamimarlik.com.tr\/en\/home-art-ocak-sayisi-2024\/\">Home Art &#8211; Ocak Say\u0131s\u0131 2024<\/a><\/h2><div class=\"w-post-elm post_content usg_post_content_1\">Sade ve \u015f\u0131kl\u0131\u011f\u0131n uyumu\u2026<\/div><a class=\"w-btn us-btn-style_1 usg_btn_1\" href=\"#\"><span class=\"w-btn-label\">READ<\/span><\/a><\/div>\t\t<\/div>\r\n\t\t\t<\/article>\r\n<\/div><div class=\"w-grid-preloader\">\t<div class=\"g-preloader type_1\">\r\n\t\t<div><\/div>\r\n\t<\/div>\r\n\t<\/div>\t<div class=\"w-grid-json hidden\" onclick='return {&quot;action&quot;:&quot;us_ajax_grid&quot;,&quot;infinite_scroll&quot;:0,&quot;max_num_pages&quot;:2,&quot;pagination&quot;:&quot;none&quot;,&quot;template_vars&quot;:{&quot;columns&quot;:&quot;3&quot;,&quot;exclude_items&quot;:&quot;none&quot;,&quot;img_size&quot;:&quot;default&quot;,&quot;ignore_items_size&quot;:0,&quot;items_layout&quot;:&quot;449&quot;,&quot;items_offset&quot;:&quot;1&quot;,&quot;load_animation&quot;:&quot;none&quot;,&quot;overriding_link&quot;:&quot;%7B%22type%22%3A%22post%22%7D&quot;,&quot;post_id&quot;:0,&quot;query_args&quot;:{&quot;post_type&quot;:[&quot;post&quot;],&quot;tax_query&quot;:[{&quot;taxonomy&quot;:&quot;category&quot;,&quot;field&quot;:&quot;slug&quot;,&quot;terms&quot;:[&quot;press&quot;]}],&quot;post_status&quot;:[&quot;publish&quot;,&quot;acf-disabled&quot;],&quot;posts_per_page&quot;:&quot;10&quot;},&quot;orderby_query_args&quot;:{&quot;orderby&quot;:{&quot;date&quot;:&quot;DESC&quot;}},&quot;type&quot;:&quot;grid&quot;,&quot;us_grid_ajax_index&quot;:1,&quot;us_grid_filter_params&quot;:[],&quot;us_grid_index&quot;:1,&quot;_us_grid_post_type&quot;:&quot;post&quot;,&quot;page_args&quot;:[]}}'><\/div>\r\n\t<\/div><\/div><\/div><\/div><\/div><\/section>\n","protected":false},"excerpt":{"rendered":"Sade ve \u015f\u0131kl\u0131\u011f\u0131n uyumu\u2026","protected":false},"author":3,"featured_media":0,"parent":0,"menu_order":0,"comment_status":"closed","ping_status":"closed","template":"","meta":{"footnotes":""},"class_list":["post-446","page","type-page","status-publish","hentry"],"acf":[],"_links":{"self":[{"href":"https:\/\/lionamimarlik.com.tr\/en\/wp-json\/wp\/v2\/pages\/446","targetHints":{"allow":["GET"]}}],"collection":[{"href":"https:\/\/lionamimarlik.com.tr\/en\/wp-json\/wp\/v2\/pages"}],"about":[{"href":"https:\/\/lionamimarlik.com.tr\/en\/wp-json\/wp\/v2\/types\/page"}],"author":[{"embeddable":true,"href":"https:\/\/lionamimarlik.com.tr\/en\/wp-json\/wp\/v2\/users\/3"}],"replies":[{"embeddable":true,"href":"https:\/\/lionamimarlik.com.tr\/en\/wp-json\/wp\/v2\/comments?post=446"}],"version-history":[{"count":9,"href":"https:\/\/lionamimarlik.com.tr\/en\/wp-json\/wp\/v2\/pages\/446\/revisions"}],"predecessor-version":[{"id":747,"href":"https:\/\/lionamimarlik.com.tr\/en\/wp-json\/wp\/v2\/pages\/446\/revisions\/747"}],"wp:attachment":[{"href":"https:\/\/lionamimarlik.com.tr\/en\/wp-json\/wp\/v2\/media?parent=446"}],"curies":[{"name":"wp","href":"https:\/\/api.w.org\/{rel}","templated":true}]}}