{"id":454,"date":"2024-02-11T14:09:49","date_gmt":"2024-02-11T14:09:49","guid":{"rendered":"https:\/\/lionamimarlik.com.tr\/en\/?page_id=454"},"modified":"2024-02-15T09:17:25","modified_gmt":"2024-02-15T09:17:25","slug":"blog","status":"publish","type":"page","link":"https:\/\/lionamimarlik.com.tr\/en\/blog\/","title":{"rendered":"BLOG"},"content":{"rendered":"<section class=\"l-section wpb_row height_medium\"><div class=\"l-section-h i-cf\"><div class=\"g-cols vc_row via_grid cols_1 laptops-cols_inherit tablets-cols_inherit mobiles-cols_1 valign_top type_default stacking_default\"><div class=\"wpb_column vc_column_container\"><div class=\"vc_column-inner\"><h2 class=\"w-post-elm post_title align_center entry-title color_link_inherit\">BLOG<\/h2><\/div><\/div><\/div><\/div><\/section><section class=\"l-section wpb_row height_medium\"><div class=\"l-section-h i-cf\"><div class=\"g-cols vc_row via_grid cols_1 laptops-cols_inherit tablets-cols_inherit mobiles-cols_1 valign_top type_default stacking_default\"><div class=\"wpb_column vc_column_container\"><div class=\"vc_column-inner\"><div class=\"w-grid type_grid layout_466 cols_3 overflow_hidden\" id=\"us_grid_1\" style=\"--gap:0.6rem;\" data-filterable=\"true\"><style>@media (max-width:1024px){#us_grid_1 .w-grid-item{width:50%}}@media (max-width:600px){#us_grid_1 .w-grid-list{margin:0}#us_grid_1 .w-grid-item{width:100%;padding:0;margin-bottom:var(--gap,0px)}}.layout_466 .w-grid-item-h{background:var(--color-content-bg);color:var(--color-content-text);border-radius:0.3rem;box-shadow:0 0.03rem 0.06rem rgba(0,0,0,0.1),0 0.1rem 0.3rem rgba(0,0,0,0.1);transition-duration:0.3s}.no-touch .layout_466 .w-grid-item-h:hover{box-shadow:0 0.1rem 0.2rem rgba(0,0,0,0.1),0 0.33rem 1rem rgba(0,0,0,0.15);z-index:4}.layout_466 .usg_post_image_1{margin-bottom:-2rem!important}.layout_466 .usg_post_title_1{font-size:1.4rem!important;font-weight:700!important}.layout_466 .usg_vwrapper_1{margin-top:2rem!important;padding:9% 11% 11% 11%!important}.layout_466 .usg_post_taxonomy_1{font-weight:700!important;text-transform:uppercase!important;font-size:10px!important;position:absolute!important;z-index:2!important;top:1.2rem!important;right:1.2rem!important;left:1.2rem!important}@media (max-width:600px){.layout_466 .usg_post_title_1{font-size:1.2rem!important}}<\/style><div class=\"w-grid-list\">\t<article class=\"w-grid-item size_1x1 post-432 post type-post status-publish format-standard has-post-thumbnail hentry category-blog\" data-id=\"432\">\r\n\t\t<div class=\"w-grid-item-h\">\r\n\t\t\t\t\t\t\t<a href=\"https:\/\/lionamimarlik.com.tr\/en\/stone-houses-feel-the-texture-of-nature\/\" class=\"w-grid-item-anchor\" aria-label=\"Stone Houses: Feel the Texture of Nature\"><\/a>\r\n\t\t\t\t\t\t<div class=\"w-post-elm post_image usg_post_image_1 stretched\"><a href=\"https:\/\/lionamimarlik.com.tr\/en\/stone-houses-feel-the-texture-of-nature\/\" aria-label=\"Stone Houses: Feel the Texture of Nature\"><img loading=\"lazy\" decoding=\"async\" width=\"1024\" height=\"576\" src=\"https:\/\/lionamimarlik.com.tr\/en\/wp-content\/uploads\/2024\/02\/render5-1-photo-1024x576.jpg\" class=\"attachment-large size-large wp-post-image\" alt=\"\" srcset=\"https:\/\/lionamimarlik.com.tr\/en\/wp-content\/uploads\/2024\/02\/render5-1-photo-1024x576.jpg 1024w, https:\/\/lionamimarlik.com.tr\/en\/wp-content\/uploads\/2024\/02\/render5-1-photo-300x169.jpg 300w, https:\/\/lionamimarlik.com.tr\/en\/wp-content\/uploads\/2024\/02\/render5-1-photo.jpg 1920w\" sizes=\"auto, (max-width: 1024px) 100vw, 1024px\" \/><\/a><\/div><div class=\"w-post-elm post_taxonomy usg_post_taxonomy_1 style_badge color_link_inherit\"><a class=\"w-btn us-btn-style_badge term-11 term-blog\" href=\"https:\/\/lionamimarlik.com.tr\/en\/category\/blog\/\"><span class=\"w-btn-label\">BLOG<\/span><\/a><\/div><div class=\"w-vwrapper usg_vwrapper_1 align_none valign_top\"><h2 class=\"w-post-elm post_title usg_post_title_1 entry-title color_link_inherit\"><a href=\"https:\/\/lionamimarlik.com.tr\/en\/stone-houses-feel-the-texture-of-nature\/\">Stone Houses: Feel the Texture of Nature<\/a><\/h2><div class=\"w-post-elm post_content usg_post_content_1\">Stone houses are long-lasting thanks to the strength and durability of&hellip;<\/div><a class=\"w-btn us-btn-style_1 usg_btn_1\" href=\"#\"><span class=\"w-btn-label\">READ<\/span><\/a><\/div>\t\t<\/div>\r\n\t\t\t<\/article>\r\n\t<article class=\"w-grid-item size_1x1 post-427 post type-post status-publish format-standard has-post-thumbnail hentry category-blog\" data-id=\"427\">\r\n\t\t<div class=\"w-grid-item-h\">\r\n\t\t\t\t\t\t\t<a href=\"https:\/\/lionamimarlik.com.tr\/en\/we-had-an-interview-with-zuhal-aslan\/\" class=\"w-grid-item-anchor\" aria-label=\"We had an interview with Zuhal ASLAN\"><\/a>\r\n\t\t\t\t\t\t<div class=\"w-post-elm post_image usg_post_image_1 stretched\"><a href=\"https:\/\/lionamimarlik.com.tr\/en\/we-had-an-interview-with-zuhal-aslan\/\" aria-label=\"We had an interview with Zuhal ASLAN\"><img loading=\"lazy\" decoding=\"async\" width=\"1024\" height=\"585\" src=\"https:\/\/lionamimarlik.com.tr\/en\/wp-content\/uploads\/2024\/02\/liona-mimarlik-soylesi-1024x585.jpg\" class=\"attachment-large size-large wp-post-image\" alt=\"\" srcset=\"https:\/\/lionamimarlik.com.tr\/en\/wp-content\/uploads\/2024\/02\/liona-mimarlik-soylesi-1024x585.jpg 1024w, https:\/\/lionamimarlik.com.tr\/en\/wp-content\/uploads\/2024\/02\/liona-mimarlik-soylesi-300x171.jpg 300w, https:\/\/lionamimarlik.com.tr\/en\/wp-content\/uploads\/2024\/02\/liona-mimarlik-soylesi.jpg 1400w\" sizes=\"auto, (max-width: 1024px) 100vw, 1024px\" \/><\/a><\/div><div class=\"w-post-elm post_taxonomy usg_post_taxonomy_1 style_badge color_link_inherit\"><a class=\"w-btn us-btn-style_badge term-11 term-blog\" href=\"https:\/\/lionamimarlik.com.tr\/en\/category\/blog\/\"><span class=\"w-btn-label\">BLOG<\/span><\/a><\/div><div class=\"w-vwrapper usg_vwrapper_1 align_none valign_top\"><h2 class=\"w-post-elm post_title usg_post_title_1 entry-title color_link_inherit\"><a href=\"https:\/\/lionamimarlik.com.tr\/en\/we-had-an-interview-with-zuhal-aslan\/\">We had an interview with Zuhal ASLAN<\/a><\/h2><div class=\"w-post-elm post_content usg_post_content_1\">What are the factors that influenced your choice of architecture? The&hellip;<\/div><a class=\"w-btn us-btn-style_1 usg_btn_1\" href=\"#\"><span class=\"w-btn-label\">READ<\/span><\/a><\/div>\t\t<\/div>\r\n\t\t\t<\/article>\r\n\t<article class=\"w-grid-item size_1x1 post-423 post type-post status-publish format-standard has-post-thumbnail hentry category-blog\" data-id=\"423\">\r\n\t\t<div class=\"w-grid-item-h\">\r\n\t\t\t\t\t\t\t<a href=\"https:\/\/lionamimarlik.com.tr\/en\/what-you-wonder-about-liona-architecture\/\" class=\"w-grid-item-anchor\" aria-label=\"What You Wonder About Liona Architecture\"><\/a>\r\n\t\t\t\t\t\t<div class=\"w-post-elm post_image usg_post_image_1 stretched\"><a href=\"https:\/\/lionamimarlik.com.tr\/en\/what-you-wonder-about-liona-architecture\/\" aria-label=\"What You Wonder About Liona Architecture\"><img loading=\"lazy\" decoding=\"async\" width=\"1024\" height=\"585\" src=\"https:\/\/lionamimarlik.com.tr\/en\/wp-content\/uploads\/2024\/02\/liona-mimarlik-1024x585.jpg\" class=\"attachment-large size-large wp-post-image\" alt=\"\" srcset=\"https:\/\/lionamimarlik.com.tr\/en\/wp-content\/uploads\/2024\/02\/liona-mimarlik-1024x585.jpg 1024w, https:\/\/lionamimarlik.com.tr\/en\/wp-content\/uploads\/2024\/02\/liona-mimarlik-300x171.jpg 300w, https:\/\/lionamimarlik.com.tr\/en\/wp-content\/uploads\/2024\/02\/liona-mimarlik.jpg 1400w\" sizes=\"auto, (max-width: 1024px) 100vw, 1024px\" \/><\/a><\/div><div class=\"w-post-elm post_taxonomy usg_post_taxonomy_1 style_badge color_link_inherit\"><a class=\"w-btn us-btn-style_badge term-11 term-blog\" href=\"https:\/\/lionamimarlik.com.tr\/en\/category\/blog\/\"><span class=\"w-btn-label\">BLOG<\/span><\/a><\/div><div class=\"w-vwrapper usg_vwrapper_1 align_none valign_top\"><h2 class=\"w-post-elm post_title usg_post_title_1 entry-title color_link_inherit\"><a href=\"https:\/\/lionamimarlik.com.tr\/en\/what-you-wonder-about-liona-architecture\/\">What You Wonder About Liona Architecture<\/a><\/h2><div class=\"w-post-elm post_content usg_post_content_1\">What You Wonder About Liona Architecture Our article begins. Our company&hellip;<\/div><a class=\"w-btn us-btn-style_1 usg_btn_1\" href=\"#\"><span class=\"w-btn-label\">READ<\/span><\/a><\/div>\t\t<\/div>\r\n\t\t\t<\/article>\r\n\t<article class=\"w-grid-item size_1x1 post-415 post type-post status-publish format-standard has-post-thumbnail hentry category-blog\" data-id=\"415\">\r\n\t\t<div class=\"w-grid-item-h\">\r\n\t\t\t\t\t\t\t<a href=\"https:\/\/lionamimarlik.com.tr\/en\/superslow-zone-bahcesehir-project-has-been-delivered\/\" class=\"w-grid-item-anchor\" aria-label=\"SuperSlow Zone Bah\u00e7e\u015fehir Project has been delivered\"><\/a>\r\n\t\t\t\t\t\t<div class=\"w-post-elm post_image usg_post_image_1 stretched\"><a href=\"https:\/\/lionamimarlik.com.tr\/en\/superslow-zone-bahcesehir-project-has-been-delivered\/\" aria-label=\"SuperSlow Zone Bah\u00e7e\u015fehir Project has been delivered\"><img loading=\"lazy\" decoding=\"async\" width=\"1024\" height=\"585\" src=\"https:\/\/lionamimarlik.com.tr\/en\/wp-content\/uploads\/2024\/02\/super-slow-1024x585.jpg\" class=\"attachment-large size-large wp-post-image\" alt=\"\" srcset=\"https:\/\/lionamimarlik.com.tr\/en\/wp-content\/uploads\/2024\/02\/super-slow-1024x585.jpg 1024w, https:\/\/lionamimarlik.com.tr\/en\/wp-content\/uploads\/2024\/02\/super-slow-300x171.jpg 300w, https:\/\/lionamimarlik.com.tr\/en\/wp-content\/uploads\/2024\/02\/super-slow.jpg 1400w\" sizes=\"auto, (max-width: 1024px) 100vw, 1024px\" \/><\/a><\/div><div class=\"w-post-elm post_taxonomy usg_post_taxonomy_1 style_badge color_link_inherit\"><a class=\"w-btn us-btn-style_badge term-11 term-blog\" href=\"https:\/\/lionamimarlik.com.tr\/en\/category\/blog\/\"><span class=\"w-btn-label\">BLOG<\/span><\/a><\/div><div class=\"w-vwrapper usg_vwrapper_1 align_none valign_top\"><h2 class=\"w-post-elm post_title usg_post_title_1 entry-title color_link_inherit\"><a href=\"https:\/\/lionamimarlik.com.tr\/en\/superslow-zone-bahcesehir-project-has-been-delivered\/\">SuperSlow Zone Bah\u00e7e\u015fehir Project has been delivered<\/a><\/h2><div class=\"w-post-elm post_content usg_post_content_1\">SuperSlow Zone Bah\u00e7e\u015fehir, a muscle strengthening center, whose concept design, implementation&hellip;<\/div><a class=\"w-btn us-btn-style_1 usg_btn_1\" href=\"#\"><span class=\"w-btn-label\">READ<\/span><\/a><\/div>\t\t<\/div>\r\n\t\t\t<\/article>\r\n<\/div><div class=\"w-grid-preloader\">\t<div class=\"g-preloader type_1\">\r\n\t\t<div><\/div>\r\n\t<\/div>\r\n\t<\/div>\t<div class=\"w-grid-json hidden\" onclick='return {&quot;action&quot;:&quot;us_ajax_grid&quot;,&quot;infinite_scroll&quot;:0,&quot;max_num_pages&quot;:1,&quot;pagination&quot;:&quot;none&quot;,&quot;template_vars&quot;:{&quot;columns&quot;:&quot;3&quot;,&quot;exclude_items&quot;:&quot;none&quot;,&quot;img_size&quot;:&quot;default&quot;,&quot;ignore_items_size&quot;:0,&quot;items_layout&quot;:&quot;466&quot;,&quot;items_offset&quot;:&quot;1&quot;,&quot;load_animation&quot;:&quot;none&quot;,&quot;overriding_link&quot;:&quot;%7B%22type%22%3A%22post%22%7D&quot;,&quot;post_id&quot;:0,&quot;query_args&quot;:{&quot;post_type&quot;:[&quot;post&quot;],&quot;tax_query&quot;:[{&quot;taxonomy&quot;:&quot;category&quot;,&quot;field&quot;:&quot;slug&quot;,&quot;terms&quot;:[&quot;blog&quot;]}],&quot;post_status&quot;:[&quot;publish&quot;,&quot;acf-disabled&quot;],&quot;posts_per_page&quot;:&quot;10&quot;},&quot;orderby_query_args&quot;:{&quot;orderby&quot;:{&quot;date&quot;:&quot;DESC&quot;}},&quot;type&quot;:&quot;grid&quot;,&quot;us_grid_ajax_index&quot;:1,&quot;us_grid_filter_params&quot;:[],&quot;us_grid_index&quot;:1,&quot;_us_grid_post_type&quot;:&quot;post&quot;,&quot;page_args&quot;:[]}}'><\/div>\r\n\t<\/div><\/div><\/div><\/div><\/div><\/section>\n","protected":false},"excerpt":{"rendered":"SuperSlow Zone Bah\u00e7e\u015fehir Project has been deliveredSuperSlow Zone Bah\u00e7e\u015fehir Project has been deliveredSuperSlow Zone Bah\u00e7e\u015fehir, a muscle strengthening center, whose concept design, implementation and site fabrication was realized by Liona Architecture, draws attention as a project in which all details were solved in coordination between architect and engineer. The project process was handled under three...","protected":false},"author":3,"featured_media":0,"parent":0,"menu_order":0,"comment_status":"closed","ping_status":"closed","template":"","meta":{"footnotes":""},"class_list":["post-454","page","type-page","status-publish","hentry"],"acf":[],"_links":{"self":[{"href":"https:\/\/lionamimarlik.com.tr\/en\/wp-json\/wp\/v2\/pages\/454","targetHints":{"allow":["GET"]}}],"collection":[{"href":"https:\/\/lionamimarlik.com.tr\/en\/wp-json\/wp\/v2\/pages"}],"about":[{"href":"https:\/\/lionamimarlik.com.tr\/en\/wp-json\/wp\/v2\/types\/page"}],"author":[{"embeddable":true,"href":"https:\/\/lionamimarlik.com.tr\/en\/wp-json\/wp\/v2\/users\/3"}],"replies":[{"embeddable":true,"href":"https:\/\/lionamimarlik.com.tr\/en\/wp-json\/wp\/v2\/comments?post=454"}],"version-history":[{"count":5,"href":"https:\/\/lionamimarlik.com.tr\/en\/wp-json\/wp\/v2\/pages\/454\/revisions"}],"predecessor-version":[{"id":524,"href":"https:\/\/lionamimarlik.com.tr\/en\/wp-json\/wp\/v2\/pages\/454\/revisions\/524"}],"wp:attachment":[{"href":"https:\/\/lionamimarlik.com.tr\/en\/wp-json\/wp\/v2\/media?parent=454"}],"curies":[{"name":"wp","href":"https:\/\/api.w.org\/{rel}","templated":true}]}}